{"id":987918,"date":"2026-03-25T17:43:39","date_gmt":"2026-03-25T17:43:39","guid":{"rendered":"https:\/\/elbazavocats.fr\/?page_id=987918"},"modified":"2026-03-27T08:49:22","modified_gmt":"2026-03-27T08:49:22","slug":"ludovic-elbaz","status":"publish","type":"page","link":"https:\/\/elbazavocats.fr\/en\/people\/ludovic-elbaz\/","title":{"rendered":"Ludovic Elbaz"},"content":{"rendered":"\t\t<div data-elementor-type=\"wp-page\" data-elementor-id=\"987918\" class=\"elementor elementor-987918\" data-elementor-post-type=\"page\">\n\t\t\t\t\t\t<section class=\"elementor-section elementor-top-section elementor-element elementor-element-3eb558fc elementor-section-full_width elementor-section-height-default elementor-section-height-default\" data-id=\"3eb558fc\" data-element_type=\"section\" data-e-type=\"section\">\n\t\t\t\t\t\t<div class=\"elementor-container elementor-column-gap-no\">\n\t\t\t\t\t<div class=\"elementor-column elementor-col-100 elementor-top-column elementor-element elementor-element-570042d6\" data-id=\"570042d6\" data-element_type=\"column\" data-e-type=\"column\">\n\t\t\t<div class=\"elementor-widget-wrap elementor-element-populated\">\n\t\t\t\t\t\t<div class=\"elementor-element elementor-element-320e2f35 elementor-widget elementor-widget-spacer\" data-id=\"320e2f35\" data-element_type=\"widget\" data-e-type=\"widget\" data-widget_type=\"spacer.default\">\n\t\t\t\t<div class=\"elementor-widget-container\">\n\t\t\t\t\t\t\t<div class=\"elementor-spacer\">\n\t\t\t<div class=\"elementor-spacer-inner\"><\/div>\n\t\t<\/div>\n\t\t\t\t\t\t<\/div>\n\t\t\t\t<\/div>\n\t\t\t\t<div class=\"vamtam-has-theme-widget-styles elementor-element elementor-element-57f9269a elementor-widget elementor-widget-text-editor\" data-id=\"57f9269a\" data-element_type=\"widget\" data-e-type=\"widget\" data-widget_type=\"text-editor.default\">\n\t\t\t\t<div class=\"elementor-widget-container\">\n\t\t\t\t\t\t\t\t\t<p class=\"font-claude-response-body break-words whitespace-normal leading-[1.7]\">Avocat au Barreau de Paris depuis 2012, Ludovic Elbaz a d\u00e9velopp\u00e9 une expertise approfondie en droit p\u00e9nal des affaires au cours de ses quatorze ann\u00e9es de pratique.<\/p><p class=\"font-claude-response-body break-words whitespace-normal leading-[1.7]\">Sp\u00e9cialis\u00e9 dans les infractions \u00e9conomiques et financi\u00e8res, il intervient r\u00e9guli\u00e8rement dans les dossiers de blanchiment, fraude fiscale, escroquerie, cybercriminalit\u00e9 financi\u00e8re et responsabilit\u00e9 p\u00e9nale des dirigeants. Sa pratique s&rsquo;\u00e9tend \u00e9galement aux contentieux li\u00e9s aux proc\u00e9dures collectives et au droit p\u00e9nal de la consommation, notamment dans le secteur des \u00e9nergies renouvelables.<\/p><p class=\"font-claude-response-body break-words whitespace-normal leading-[1.7]\">Ludovic Elbaz a acquis une connaissance approfondie des juridictions financi\u00e8res parisiennes et des m\u00e9canismes complexes du droit p\u00e9nal des affaires, lui permettant de construire des d\u00e9fenses techniques adapt\u00e9es aux enjeux \u00e9conomiques et patrimoniaux de chaque dossier.<\/p><p class=\"font-claude-response-body break-words whitespace-normal leading-[1.7]\">Polyglotte, il pratique le fran\u00e7ais, l&rsquo;anglais et l&rsquo;h\u00e9breu, ce qui lui permet d&rsquo;intervenir dans des dossiers transnationaux et d&rsquo;accompagner une client\u00e8le internationale.<\/p><p class=\"font-claude-response-body break-words whitespace-normal leading-[1.7]\">Il fonde le Cabinet Elbaz Avocats en 2022.<\/p>\t\t\t\t\t\t\t\t<\/div>\n\t\t\t\t<\/div>\n\t\t\t\t<section class=\"elementor-section elementor-inner-section elementor-element elementor-element-15ca44c4 elementor-section-boxed elementor-section-height-default elementor-section-height-default\" data-id=\"15ca44c4\" data-element_type=\"section\" data-e-type=\"section\" data-settings=\"{&quot;background_background&quot;:&quot;classic&quot;}\">\n\t\t\t\t\t\t<div class=\"elementor-container elementor-column-gap-no\">\n\t\t\t\t\t<div class=\"elementor-column elementor-col-100 elementor-inner-column elementor-element elementor-element-596f4069\" data-id=\"596f4069\" data-element_type=\"column\" data-e-type=\"column\">\n\t\t\t<div class=\"elementor-widget-wrap elementor-element-populated\">\n\t\t\t\t\t\t<div class=\"elementor-element elementor-element-7b39248d elementor-view-default elementor-widget elementor-widget-icon\" data-id=\"7b39248d\" data-element_type=\"widget\" data-e-type=\"widget\" data-widget_type=\"icon.default\">\n\t\t\t\t<div class=\"elementor-widget-container\">\n\t\t\t\t\t\t\t<div class=\"elementor-icon-wrapper\">\n\t\t\t<div class=\"elementor-icon\">\n\t\t\t<i aria-hidden=\"true\" class=\"vamtamtheme- vamtam-theme-quote-start\"><\/i>\t\t\t<\/div>\n\t\t<\/div>\n\t\t\t\t\t\t<\/div>\n\t\t\t\t<\/div>\n\t\t\t\t<div class=\"vamtam-has-theme-widget-styles elementor-element elementor-element-17891ce9 elementor-widget elementor-widget-text-editor\" data-id=\"17891ce9\" data-element_type=\"widget\" data-e-type=\"widget\" data-widget_type=\"text-editor.default\">\n\t\t\t\t<div class=\"elementor-widget-container\">\n\t\t\t\t\t\t\t\t\t<p><i><span style=\"font-weight: 400;\">Notre r\u00f4le est de vous offrir un espace de recul, une analyse lucide des risques et une d\u00e9fense rigoureuse, dans un cadre de confiance absolue.\u00a0<\/span><\/i><\/p>\t\t\t\t\t\t\t\t<\/div>\n\t\t\t\t<\/div>\n\t\t\t\t<div class=\"elementor-element elementor-element-3401e49b elementor-widget-divider--view-line elementor-widget elementor-widget-divider\" data-id=\"3401e49b\" data-element_type=\"widget\" data-e-type=\"widget\" data-widget_type=\"divider.default\">\n\t\t\t\t<div class=\"elementor-widget-container\">\n\t\t\t\t\t\t\t<div class=\"elementor-divider\">\n\t\t\t<span class=\"elementor-divider-separator\">\n\t\t\t\t\t\t<\/span>\n\t\t<\/div>\n\t\t\t\t\t\t<\/div>\n\t\t\t\t<\/div>\n\t\t\t\t<div class=\"vamtam-has-theme-widget-styles elementor-element elementor-element-7801d752 elementor-widget__width-auto vamtam-has-underline-anim elementor-widget elementor-widget-button\" data-id=\"7801d752\" data-element_type=\"widget\" data-e-type=\"widget\" data-widget_type=\"button.default\">\n\t\t\t\t<div class=\"elementor-widget-container\">\n\t\t\t\t\t\t\t\t\t<div class=\"elementor-button-wrapper\">\n\t\t\t\t\t<a class=\"elementor-button elementor-button-link elementor-size-md\" href=\"\/free-consultation\/\">\n\t\t\t\t\t\t<span class=\"elementor-button-content-wrapper\">\n\t\t\t\t\t\t<span class=\"elementor-button-icon\">\n\t\t\t\t<i aria-hidden=\"true\" class=\"vamtamtheme- vamtam-theme-icon-arrow-right-top\"><\/i>\t\t\t<\/span>\n\t\t\t\t\t\t\t\t\t<span class=\"elementor-button-text\">Contact<\/span>\n\t\t\t\t\t<\/span>\n\t\t\t\t\t<\/a>\n\t\t\t\t<\/div>\n\t\t\t\t\t\t\t\t<\/div>\n\t\t\t\t<\/div>\n\t\t\t\t\t<\/div>\n\t\t<\/div>\n\t\t\t\t\t<\/div>\n\t\t<\/section>\n\t\t\t\t\t<\/div>\n\t\t<\/div>\n\t\t\t\t\t<\/div>\n\t\t<\/section>\n\t\t\t\t<section class=\"elementor-section elementor-top-section elementor-element elementor-element-561d4e36 elementor-section-full_width elementor-section-content-top elementor-section-height-default elementor-section-height-default\" data-id=\"561d4e36\" data-element_type=\"section\" data-e-type=\"section\">\n\t\t\t\t\t\t<div class=\"elementor-container elementor-column-gap-default\">\n\t\t\t\t\t<div class=\"elementor-column elementor-col-100 elementor-top-column elementor-element elementor-element-14e46f8c\" data-id=\"14e46f8c\" data-element_type=\"column\" data-e-type=\"column\">\n\t\t\t<div class=\"elementor-widget-wrap\">\n\t\t\t\t\t\t\t<\/div>\n\t\t<\/div>\n\t\t\t\t\t<\/div>\n\t\t<\/section>\n\t\t\t\t<\/div>\n\t\t","protected":false},"excerpt":{"rendered":"<p>Founder<\/p>","protected":false},"author":3,"featured_media":988006,"parent":143,"menu_order":0,"comment_status":"closed","ping_status":"closed","template":"","meta":{"footnotes":""},"class_list":["post-987918","page","type-page","status-publish","has-post-thumbnail","hentry"],"_links":{"self":[{"href":"https:\/\/elbazavocats.fr\/en\/wp-json\/wp\/v2\/pages\/987918","targetHints":{"allow":["GET"]}}],"collection":[{"href":"https:\/\/elbazavocats.fr\/en\/wp-json\/wp\/v2\/pages"}],"about":[{"href":"https:\/\/elbazavocats.fr\/en\/wp-json\/wp\/v2\/types\/page"}],"author":[{"embeddable":true,"href":"https:\/\/elbazavocats.fr\/en\/wp-json\/wp\/v2\/users\/3"}],"replies":[{"embeddable":true,"href":"https:\/\/elbazavocats.fr\/en\/wp-json\/wp\/v2\/comments?post=987918"}],"version-history":[{"count":10,"href":"https:\/\/elbazavocats.fr\/en\/wp-json\/wp\/v2\/pages\/987918\/revisions"}],"predecessor-version":[{"id":988009,"href":"https:\/\/elbazavocats.fr\/en\/wp-json\/wp\/v2\/pages\/987918\/revisions\/988009"}],"up":[{"embeddable":true,"href":"https:\/\/elbazavocats.fr\/en\/wp-json\/wp\/v2\/pages\/143"}],"wp:featuredmedia":[{"embeddable":true,"href":"https:\/\/elbazavocats.fr\/en\/wp-json\/wp\/v2\/media\/988006"}],"wp:attachment":[{"href":"https:\/\/elbazavocats.fr\/en\/wp-json\/wp\/v2\/media?parent=987918"}],"curies":[{"name":"wp","href":"https:\/\/api.w.org\/{rel}","templated":true}]}}