{"id":586,"date":"2022-09-26T21:44:28","date_gmt":"2022-09-26T21:44:28","guid":{"rendered":"https:\/\/avvocato.vamtam.com\/?page_id=586"},"modified":"2026-03-27T08:32:51","modified_gmt":"2026-03-27T08:32:51","slug":"cabinet-elbaz","status":"publish","type":"page","link":"https:\/\/elbazavocats.fr\/en\/cabinet-elbaz\/","title":{"rendered":"Cabinet Elbaz Avocats"},"content":{"rendered":"\t\t<div data-elementor-type=\"wp-page\" data-elementor-id=\"586\" class=\"elementor elementor-586\" data-elementor-post-type=\"page\">\n\t\t\t\t\t\t<section class=\"elementor-section elementor-top-section elementor-element elementor-element-f929618 elementor-section-height-min-height elementor-section-boxed elementor-section-height-default elementor-section-items-middle\" data-id=\"f929618\" data-element_type=\"section\" data-e-type=\"section\" data-settings=\"{&quot;background_background&quot;:&quot;classic&quot;,&quot;animation&quot;:&quot;none&quot;}\">\n\t\t\t\t\t\t\t<div class=\"elementor-background-overlay\"><\/div>\n\t\t\t\t\t\t\t<div class=\"elementor-container elementor-column-gap-no\">\n\t\t\t\t\t<div class=\"elementor-column elementor-col-100 elementor-top-column elementor-element elementor-element-da2176e\" data-id=\"da2176e\" data-element_type=\"column\" data-e-type=\"column\">\n\t\t\t<div class=\"elementor-widget-wrap elementor-element-populated\">\n\t\t\t\t\t\t<div class=\"elementor-element elementor-element-b3f061b elementor-widget elementor-widget-heading\" data-id=\"b3f061b\" data-element_type=\"widget\" data-e-type=\"widget\" data-settings=\"{&quot;_animation&quot;:&quot;none&quot;,&quot;_animation_tablet&quot;:&quot;none&quot;}\" data-widget_type=\"heading.default\">\n\t\t\t\t<div class=\"elementor-widget-container\">\n\t\t\t\t\t<h1 class=\"elementor-heading-title elementor-size-default\">Cabinet Elbaz Avocats<\/h1>\t\t\t\t<\/div>\n\t\t\t\t<\/div>\n\t\t\t\t\t<\/div>\n\t\t<\/div>\n\t\t\t\t\t<\/div>\n\t\t<\/section>\n\t\t\t\t<section class=\"elementor-section elementor-top-section elementor-element elementor-element-c2db08a elementor-section-boxed elementor-section-height-default elementor-section-height-default\" data-id=\"c2db08a\" data-element_type=\"section\" data-e-type=\"section\" data-settings=\"{&quot;background_background&quot;:&quot;classic&quot;}\">\n\t\t\t\t\t\t<div class=\"elementor-container elementor-column-gap-no\">\n\t\t\t\t\t<div class=\"elementor-column elementor-col-50 elementor-top-column elementor-element elementor-element-31cdc6f elementor-hidden-tablet elementor-hidden-mobile\" data-id=\"31cdc6f\" data-element_type=\"column\" data-e-type=\"column\">\n\t\t\t<div class=\"elementor-widget-wrap elementor-element-populated\">\n\t\t\t\t\t\t<div class=\"vamtam-has-theme-widget-styles elementor-element elementor-element-a3d70e9 animated-fast elementor-invisible elementor-widget elementor-widget-image\" data-id=\"a3d70e9\" data-element_type=\"widget\" data-e-type=\"widget\" data-settings=\"{&quot;_animation&quot;:&quot;imageGrowWithScaleLeft&quot;,&quot;_animation_tablet&quot;:&quot;none&quot;}\" data-widget_type=\"image.default\">\n\t\t\t\t<div class=\"elementor-widget-container\">\n\t\t\t\t\t\t\t\t\t<div class=\"elementor-image\">\n\t\t\t\t\t\t\t\t\t\t\t<div class=\"vamtam-image-wrapper\">\n\t\t\t\t\t\t\t\t\t\t\t\t\t\t\t\t\t\t\t\t\t<img fetchpriority=\"high\" decoding=\"async\" width=\"576\" height=\"1024\" src=\"https:\/\/elbazavocats.fr\/wp-content\/uploads\/2026\/03\/WhatsApp-Image-2026-03-02-at-16.17.23-576x1024.jpeg\" class=\"attachment-large size-large wp-image-987718\" alt=\"\" srcset=\"https:\/\/elbazavocats.fr\/wp-content\/uploads\/2026\/03\/WhatsApp-Image-2026-03-02-at-16.17.23-576x1024.jpeg 576w, https:\/\/elbazavocats.fr\/wp-content\/uploads\/2026\/03\/WhatsApp-Image-2026-03-02-at-16.17.23-169x300.jpeg 169w, https:\/\/elbazavocats.fr\/wp-content\/uploads\/2026\/03\/WhatsApp-Image-2026-03-02-at-16.17.23-768x1365.jpeg 768w, https:\/\/elbazavocats.fr\/wp-content\/uploads\/2026\/03\/WhatsApp-Image-2026-03-02-at-16.17.23-864x1536.jpeg 864w, https:\/\/elbazavocats.fr\/wp-content\/uploads\/2026\/03\/WhatsApp-Image-2026-03-02-at-16.17.23.jpeg 1152w\" sizes=\"(max-width: 576px) 100vw, 576px\" \/>\t\t\t\t\t\t\t\t\t\t\t\t\t\t\t\t\t\t\t\t\t\t\t\t\t\t<\/div>\n\t\t\t\t\t\t\t\t\t<\/div>\n\t\t\t\t\t\t\t\t<\/div>\n\t\t\t\t<\/div>\n\t\t\t\t\t<\/div>\n\t\t<\/div>\n\t\t\t\t<div class=\"elementor-column elementor-col-50 elementor-top-column elementor-element elementor-element-2315ac6\" data-id=\"2315ac6\" data-element_type=\"column\" data-e-type=\"column\">\n\t\t\t<div class=\"elementor-widget-wrap elementor-element-populated\">\n\t\t\t\t\t\t<div class=\"elementor-element elementor-element-a8423c1 elementor-widget elementor-widget-heading\" data-id=\"a8423c1\" data-element_type=\"widget\" data-e-type=\"widget\" data-widget_type=\"heading.default\">\n\t\t\t\t<div class=\"elementor-widget-container\">\n\t\t\t\t\t<h6 class=\"elementor-heading-title elementor-size-default\">Cabinet Elbaz Avocats <\/h6>\t\t\t\t<\/div>\n\t\t\t\t<\/div>\n\t\t\t\t<div class=\"elementor-element elementor-element-223e4ed elementor-invisible elementor-widget elementor-widget-heading\" data-id=\"223e4ed\" data-element_type=\"widget\" data-e-type=\"widget\" data-settings=\"{&quot;_animation&quot;:&quot;fadeInUp&quot;,&quot;_animation_tablet&quot;:&quot;none&quot;,&quot;_animation_delay&quot;:200}\" data-widget_type=\"heading.default\">\n\t\t\t\t<div class=\"elementor-widget-container\">\n\t\t\t\t\t<h2 class=\"elementor-heading-title elementor-size-default\">Une expertise affirm\u00e9e en droit p\u00e9nal des affaires<\/h2>\t\t\t\t<\/div>\n\t\t\t\t<\/div>\n\t\t\t\t<div class=\"vamtam-has-theme-widget-styles elementor-element elementor-element-224aa55 elementor-invisible elementor-widget elementor-widget-text-editor\" data-id=\"224aa55\" data-element_type=\"widget\" data-e-type=\"widget\" data-settings=\"{&quot;_animation&quot;:&quot;fadeIn&quot;,&quot;_animation_tablet&quot;:&quot;none&quot;,&quot;_animation_delay&quot;:501}\" data-widget_type=\"text-editor.default\">\n\t\t\t\t<div class=\"elementor-widget-container\">\n\t\t\t\t\t\t\t\t\t<p><span style=\"font-weight: 400;\">Depuis sa cr\u00e9ation, le cabinet s&rsquo;est construit autour d&rsquo;une sp\u00e9cialisation pointue : le droit p\u00e9nal des affaires, qui constitue le c\u0153ur de son activit\u00e9. Cette expertise exige une compr\u00e9hension fine des enjeux \u00e9conomiques, des m\u00e9canismes financiers et des rouages judiciaires.<\/span><\/p><p><span style=\"font-weight: 400;\">La pratique du droit p\u00e9nal depuis 2012, avec une sp\u00e9cialisation marqu\u00e9e en droit p\u00e9nal des affaires, a permis de traiter un nombre important de dossiers et de d\u00e9velopper une lecture transversale des probl\u00e9matiques li\u00e9es au droit financier. Les interventions r\u00e9guli\u00e8res dans des dossiers impliquant des questions de structuration d&rsquo;entreprise, de proc\u00e9dures collectives et de contentieux dans des secteurs \u00e9conomiques sensibles, notamment les \u00e9nergies renouvelables, ont forg\u00e9 cette expertise.<\/span><\/p><p><span style=\"font-weight: 400;\">Le cabinet intervient \u00e9galement en droit p\u00e9nal g\u00e9n\u00e9ral, apportant la m\u00eame rigueur d&rsquo;analyse et la m\u00eame exigence dans la construction de la d\u00e9fense \u00e0 l&rsquo;ensemble des dossiers trait\u00e9s.<\/span><\/p>\t\t\t\t\t\t\t\t<\/div>\n\t\t\t\t<\/div>\n\t\t\t\t<div class=\"vamtam-has-theme-widget-styles elementor-element elementor-element-78c9fc2 vamtam-has-underline-anim elementor-widget elementor-widget-button\" data-id=\"78c9fc2\" data-element_type=\"widget\" data-e-type=\"widget\" data-widget_type=\"button.default\">\n\t\t\t\t<div class=\"elementor-widget-container\">\n\t\t\t\t\t\t\t\t\t<div class=\"elementor-button-wrapper\">\n\t\t\t\t\t<a class=\"elementor-button elementor-button-link elementor-size-md\" href=\"\/contact\/\">\n\t\t\t\t\t\t<span class=\"elementor-button-content-wrapper\">\n\t\t\t\t\t\t<span class=\"elementor-button-icon\">\n\t\t\t\t<i aria-hidden=\"true\" class=\"vamtamtheme- vamtam-theme-icon-arrow-right-top\"><\/i>\t\t\t<\/span>\n\t\t\t\t\t\t\t\t\t<span class=\"elementor-button-text\">Contactez nous<\/span>\n\t\t\t\t\t<\/span>\n\t\t\t\t\t<\/a>\n\t\t\t\t<\/div>\n\t\t\t\t\t\t\t\t<\/div>\n\t\t\t\t<\/div>\n\t\t\t\t\t<\/div>\n\t\t<\/div>\n\t\t\t\t\t<\/div>\n\t\t<\/section>\n\t\t\t\t<section class=\"elementor-section elementor-top-section elementor-element elementor-element-b3dcb25 elementor-section-stretched elementor-section-boxed elementor-section-height-default elementor-section-height-default\" data-id=\"b3dcb25\" data-element_type=\"section\" data-e-type=\"section\" data-settings=\"{&quot;stretch_section&quot;:&quot;section-stretched&quot;}\">\n\t\t\t\t\t\t<div class=\"elementor-container elementor-column-gap-no\">\n\t\t\t\t\t<div class=\"elementor-column elementor-col-50 elementor-top-column elementor-element elementor-element-ff86454\" data-id=\"ff86454\" data-element_type=\"column\" data-e-type=\"column\">\n\t\t\t<div class=\"elementor-widget-wrap elementor-element-populated\">\n\t\t\t\t\t\t<section class=\"elementor-section elementor-inner-section elementor-element elementor-element-7765c90 elementor-section-full_width elementor-section-height-default elementor-section-height-default\" data-id=\"7765c90\" data-element_type=\"section\" data-e-type=\"section\" data-settings=\"{&quot;sticky&quot;:&quot;top&quot;,&quot;sticky_on&quot;:[&quot;desktop&quot;,&quot;tablet&quot;],&quot;sticky_parent&quot;:&quot;yes&quot;,&quot;sticky_offset_tablet&quot;:80,&quot;sticky_offset&quot;:0,&quot;sticky_effects_offset&quot;:0,&quot;sticky_anchor_link_offset&quot;:0}\">\n\t\t\t\t\t\t<div class=\"elementor-container elementor-column-gap-no\">\n\t\t\t\t\t<div class=\"elementor-column elementor-col-100 elementor-inner-column elementor-element elementor-element-1c75723\" data-id=\"1c75723\" data-element_type=\"column\" data-e-type=\"column\">\n\t\t\t<div class=\"elementor-widget-wrap elementor-element-populated\">\n\t\t\t\t\t\t<div class=\"elementor-element elementor-element-1eb8d64 elementor-invisible elementor-widget elementor-widget-heading\" data-id=\"1eb8d64\" data-element_type=\"widget\" data-e-type=\"widget\" data-settings=\"{&quot;_animation&quot;:&quot;fadeInDown&quot;,&quot;_animation_tablet&quot;:&quot;none&quot;}\" data-widget_type=\"heading.default\">\n\t\t\t\t<div class=\"elementor-widget-container\">\n\t\t\t\t\t<h2 class=\"elementor-heading-title elementor-size-default\">Notre cabinet<\/h2>\t\t\t\t<\/div>\n\t\t\t\t<\/div>\n\t\t\t\t<div class=\"vamtam-has-theme-widget-styles elementor-element elementor-element-9713d62 elementor-widget elementor-widget-image\" data-id=\"9713d62\" data-element_type=\"widget\" data-e-type=\"widget\" data-settings=\"{&quot;_animation&quot;:&quot;none&quot;,&quot;_animation_tablet&quot;:&quot;none&quot;}\" data-widget_type=\"image.default\">\n\t\t\t\t<div class=\"elementor-widget-container\">\n\t\t\t\t\t\t\t\t\t<div class=\"elementor-image\">\n\t\t\t\t\t\t\t\t\t\t\t\t\t\t\t\t\t\t\t\t\t<img decoding=\"async\" width=\"1024\" height=\"636\" src=\"https:\/\/elbazavocats.fr\/wp-content\/uploads\/2023\/10\/giammarco-boscaro-zeH-ljawHtg-unsplash-1-1024x636.jpg\" class=\"attachment-large size-large wp-image-10871\" alt=\"\" srcset=\"https:\/\/elbazavocats.fr\/wp-content\/uploads\/2023\/10\/giammarco-boscaro-zeH-ljawHtg-unsplash-1-1024x636.jpg 1024w, https:\/\/elbazavocats.fr\/wp-content\/uploads\/2023\/10\/giammarco-boscaro-zeH-ljawHtg-unsplash-1-300x186.jpg 300w, https:\/\/elbazavocats.fr\/wp-content\/uploads\/2023\/10\/giammarco-boscaro-zeH-ljawHtg-unsplash-1-768x477.jpg 768w, https:\/\/elbazavocats.fr\/wp-content\/uploads\/2023\/10\/giammarco-boscaro-zeH-ljawHtg-unsplash-1-1536x954.jpg 1536w, https:\/\/elbazavocats.fr\/wp-content\/uploads\/2023\/10\/giammarco-boscaro-zeH-ljawHtg-unsplash-1.jpg 1690w\" sizes=\"(max-width: 1024px) 100vw, 1024px\" \/>\t\t\t\t\t\t\t\t\t\t\t\t\t\t\t\t\t\t\t\t\t\t\t\t<\/div>\n\t\t\t\t\t\t\t\t<\/div>\n\t\t\t\t<\/div>\n\t\t\t\t<div class=\"vamtam-has-theme-widget-styles elementor-element elementor-element-20bffc2 elementor-invisible elementor-widget elementor-widget-image\" data-id=\"20bffc2\" data-element_type=\"widget\" data-e-type=\"widget\" data-settings=\"{&quot;_animation&quot;:&quot;imageGrowWithScaleLeft&quot;,&quot;_animation_tablet&quot;:&quot;none&quot;,&quot;_animation_delay&quot;:100}\" data-widget_type=\"image.default\">\n\t\t\t\t<div class=\"elementor-widget-container\">\n\t\t\t\t\t\t\t\t\t<div class=\"elementor-image\">\n\t\t\t\t\t\t\t\t\t\t\t<div class=\"vamtam-image-wrapper\">\n\t\t\t\t\t\t\t\t\t\t\t\t\t\t\t\t\t\t\t\t\t<img decoding=\"async\" width=\"1024\" height=\"636\" src=\"https:\/\/elbazavocats.fr\/wp-content\/uploads\/2023\/10\/bg-hero-2-1024x636.jpg\" class=\"attachment-large size-large wp-image-10845\" alt=\"\" srcset=\"https:\/\/elbazavocats.fr\/wp-content\/uploads\/2023\/10\/bg-hero-2-1024x636.jpg 1024w, https:\/\/elbazavocats.fr\/wp-content\/uploads\/2023\/10\/bg-hero-2-300x186.jpg 300w, https:\/\/elbazavocats.fr\/wp-content\/uploads\/2023\/10\/bg-hero-2-768x477.jpg 768w, https:\/\/elbazavocats.fr\/wp-content\/uploads\/2023\/10\/bg-hero-2-1536x954.jpg 1536w, https:\/\/elbazavocats.fr\/wp-content\/uploads\/2023\/10\/bg-hero-2.jpg 1690w\" sizes=\"(max-width: 1024px) 100vw, 1024px\" \/>\t\t\t\t\t\t\t\t\t\t\t\t\t\t\t\t\t\t\t\t\t\t\t\t\t\t<\/div>\n\t\t\t\t\t\t\t\t\t<\/div>\n\t\t\t\t\t\t\t\t<\/div>\n\t\t\t\t<\/div>\n\t\t\t\t\t<\/div>\n\t\t<\/div>\n\t\t\t\t\t<\/div>\n\t\t<\/section>\n\t\t\t\t\t<\/div>\n\t\t<\/div>\n\t\t\t\t<div class=\"elementor-column elementor-col-50 elementor-top-column elementor-element elementor-element-b31cd4e\" data-id=\"b31cd4e\" data-element_type=\"column\" data-e-type=\"column\">\n\t\t\t<div class=\"elementor-widget-wrap elementor-element-populated\">\n\t\t\t\t\t\t<div class=\"elementor-element elementor-element-bb344a0 elementor-widget elementor-widget-spacer\" data-id=\"bb344a0\" data-element_type=\"widget\" data-e-type=\"widget\" data-widget_type=\"spacer.default\">\n\t\t\t\t<div class=\"elementor-widget-container\">\n\t\t\t\t\t\t\t<div class=\"elementor-spacer\">\n\t\t\t<div class=\"elementor-spacer-inner\"><\/div>\n\t\t<\/div>\n\t\t\t\t\t\t<\/div>\n\t\t\t\t<\/div>\n\t\t\t\t<div class=\"elementor-element elementor-element-576cfdf elementor-widget elementor-widget-heading\" data-id=\"576cfdf\" data-element_type=\"widget\" data-e-type=\"widget\" data-widget_type=\"heading.default\">\n\t\t\t\t<div class=\"elementor-widget-container\">\n\t\t\t\t\t<div class=\"elementor-heading-title elementor-size-default\">1.<\/div>\t\t\t\t<\/div>\n\t\t\t\t<\/div>\n\t\t\t\t<div class=\"elementor-element elementor-element-f7f2839 elementor-widget elementor-widget-heading\" data-id=\"f7f2839\" data-element_type=\"widget\" data-e-type=\"widget\" data-widget_type=\"heading.default\">\n\t\t\t\t<div class=\"elementor-widget-container\">\n\t\t\t\t\t<h3 class=\"elementor-heading-title elementor-size-default\">Approche pluridisciplinaire<\/h3>\t\t\t\t<\/div>\n\t\t\t\t<\/div>\n\t\t\t\t<div class=\"vamtam-has-theme-widget-styles elementor-element elementor-element-a31b415 elementor-widget elementor-widget-text-editor\" data-id=\"a31b415\" data-element_type=\"widget\" data-e-type=\"widget\" data-widget_type=\"text-editor.default\">\n\t\t\t\t<div class=\"elementor-widget-container\">\n\t\t\t\t\t\t\t\t\t<p><span style=\"font-weight: 400;\">Le droit p\u00e9nal des affaires s&rsquo;inscrit dans un \u00e9cosyst\u00e8me juridique complexe o\u00f9 se croisent le droit des soci\u00e9t\u00e9s, le droit fiscal, le droit de la consommation, les proc\u00e9dures collectives.<\/span><\/p><p><span style=\"font-weight: 400;\">Notre approche int\u00e8gre ces diff\u00e9rentes dimensions, et propose un accompagnement discret, strat\u00e9gique et en \u00e9troite collaboration avec des avocats et cabinets partenaires sp\u00e9cialis\u00e9s, pour offrir une approche globale et coh\u00e9rente.<\/span><\/p>\t\t\t\t\t\t\t\t<\/div>\n\t\t\t\t<\/div>\n\t\t\t\t<div class=\"elementor-element elementor-element-0a2bd7e elementor-widget elementor-widget-spacer\" data-id=\"0a2bd7e\" data-element_type=\"widget\" data-e-type=\"widget\" data-widget_type=\"spacer.default\">\n\t\t\t\t<div class=\"elementor-widget-container\">\n\t\t\t\t\t\t\t<div class=\"elementor-spacer\">\n\t\t\t<div class=\"elementor-spacer-inner\"><\/div>\n\t\t<\/div>\n\t\t\t\t\t\t<\/div>\n\t\t\t\t<\/div>\n\t\t\t\t<div class=\"elementor-element elementor-element-260c1a5 elementor-widget elementor-widget-heading\" data-id=\"260c1a5\" data-element_type=\"widget\" data-e-type=\"widget\" data-widget_type=\"heading.default\">\n\t\t\t\t<div class=\"elementor-widget-container\">\n\t\t\t\t\t<div class=\"elementor-heading-title elementor-size-default\">2.<\/div>\t\t\t\t<\/div>\n\t\t\t\t<\/div>\n\t\t\t\t<div class=\"elementor-element elementor-element-164946b elementor-widget elementor-widget-heading\" data-id=\"164946b\" data-element_type=\"widget\" data-e-type=\"widget\" data-widget_type=\"heading.default\">\n\t\t\t\t<div class=\"elementor-widget-container\">\n\t\t\t\t\t<h3 class=\"elementor-heading-title elementor-size-default\">Exp\u00e9rience des dossiers transnationaux<\/h3>\t\t\t\t<\/div>\n\t\t\t\t<\/div>\n\t\t\t\t<div class=\"vamtam-has-theme-widget-styles elementor-element elementor-element-429c3af elementor-widget elementor-widget-text-editor\" data-id=\"429c3af\" data-element_type=\"widget\" data-e-type=\"widget\" data-widget_type=\"text-editor.default\">\n\t\t\t\t<div class=\"elementor-widget-container\">\n\t\t\t\t\t\t\t\t\t<p><span style=\"font-weight: 400;\">Le cabinet traite r\u00e9guli\u00e8rement des situations impliquant des hommes d\u2019affaires \u00e9trangers (notamment en Afrique, en Europe de l\u2019Est ou \u00e0 Monaco) et des op\u00e9rations transfrontali\u00e8res. Il intervient dans des contextes o\u00f9 le risque de qualification en blanchiment ou de \u201cbiens mal acquis\u201d doit \u00eatre anticip\u00e9, et o\u00f9 la strat\u00e9gie doit int\u00e9grer la dimension internationale du dossier.<\/span><\/p>\t\t\t\t\t\t\t\t<\/div>\n\t\t\t\t<\/div>\n\t\t\t\t<div class=\"elementor-element elementor-element-279fcfc elementor-widget elementor-widget-spacer\" data-id=\"279fcfc\" data-element_type=\"widget\" data-e-type=\"widget\" data-widget_type=\"spacer.default\">\n\t\t\t\t<div class=\"elementor-widget-container\">\n\t\t\t\t\t\t\t<div class=\"elementor-spacer\">\n\t\t\t<div class=\"elementor-spacer-inner\"><\/div>\n\t\t<\/div>\n\t\t\t\t\t\t<\/div>\n\t\t\t\t<\/div>\n\t\t\t\t<div class=\"elementor-element elementor-element-6fa571b elementor-widget elementor-widget-heading\" data-id=\"6fa571b\" data-element_type=\"widget\" data-e-type=\"widget\" data-widget_type=\"heading.default\">\n\t\t\t\t<div class=\"elementor-widget-container\">\n\t\t\t\t\t<div class=\"elementor-heading-title elementor-size-default\">3.<\/div>\t\t\t\t<\/div>\n\t\t\t\t<\/div>\n\t\t\t\t<div class=\"elementor-element elementor-element-873f376 elementor-widget elementor-widget-heading\" data-id=\"873f376\" data-element_type=\"widget\" data-e-type=\"widget\" data-widget_type=\"heading.default\">\n\t\t\t\t<div class=\"elementor-widget-container\">\n\t\t\t\t\t<h3 class=\"elementor-heading-title elementor-size-default\">Nos valeurs<\/h3>\t\t\t\t<\/div>\n\t\t\t\t<\/div>\n\t\t\t\t<div class=\"vamtam-has-theme-widget-styles elementor-element elementor-element-30abcd9 elementor-widget elementor-widget-text-editor\" data-id=\"30abcd9\" data-element_type=\"widget\" data-e-type=\"widget\" data-widget_type=\"text-editor.default\">\n\t\t\t\t<div class=\"elementor-widget-container\">\n\t\t\t\t\t\t\t\t\t<p><b>R\u00e9activit\u00e9<\/b><span style=\"font-weight: 400;\"> \u2014 Intervention rapide d\u00e8s les premiers actes pour prot\u00e9ger vos droits<\/span><span style=\"font-weight: 400;\"><br \/><\/span><b>Rigueur<\/b><span style=\"font-weight: 400;\"> \u2014 Analyse technique approfondie et mobilisation de tous les outils juridiques<\/span><span style=\"font-weight: 400;\"><br \/><\/span><b>Pragmatisme<\/b><span style=\"font-weight: 400;\"> \u2014 D\u00e9fense attentive aux r\u00e9alit\u00e9s \u00e9conomiques et humaines de chaque dossier<\/span><span style=\"font-weight: 400;\"><br \/><\/span><b>Concertation<\/b><span style=\"font-weight: 400;\"> \u2014 Dialogue transparent pour une strat\u00e9gie construite ensemble<\/span><\/p>\t\t\t\t\t\t\t\t<\/div>\n\t\t\t\t<\/div>\n\t\t\t\t<div class=\"elementor-element elementor-element-891d57a elementor-widget elementor-widget-spacer\" data-id=\"891d57a\" data-element_type=\"widget\" data-e-type=\"widget\" data-widget_type=\"spacer.default\">\n\t\t\t\t<div class=\"elementor-widget-container\">\n\t\t\t\t\t\t\t<div class=\"elementor-spacer\">\n\t\t\t<div class=\"elementor-spacer-inner\"><\/div>\n\t\t<\/div>\n\t\t\t\t\t\t<\/div>\n\t\t\t\t<\/div>\n\t\t\t\t\t<\/div>\n\t\t<\/div>\n\t\t\t\t\t<\/div>\n\t\t<\/section>\n\t\t\t\t<\/div>\n\t\t","protected":false},"excerpt":{"rendered":"<p>Une sp\u00e9cialisation pointue en droit p\u00e9nal des affaires.<\/p>","protected":false},"author":3,"featured_media":8750,"parent":0,"menu_order":0,"comment_status":"closed","ping_status":"closed","template":"","meta":{"footnotes":""},"class_list":["post-586","page","type-page","status-publish","has-post-thumbnail","hentry"],"_links":{"self":[{"href":"https:\/\/elbazavocats.fr\/en\/wp-json\/wp\/v2\/pages\/586","targetHints":{"allow":["GET"]}}],"collection":[{"href":"https:\/\/elbazavocats.fr\/en\/wp-json\/wp\/v2\/pages"}],"about":[{"href":"https:\/\/elbazavocats.fr\/en\/wp-json\/wp\/v2\/types\/page"}],"author":[{"embeddable":true,"href":"https:\/\/elbazavocats.fr\/en\/wp-json\/wp\/v2\/users\/3"}],"replies":[{"embeddable":true,"href":"https:\/\/elbazavocats.fr\/en\/wp-json\/wp\/v2\/comments?post=586"}],"version-history":[{"count":15,"href":"https:\/\/elbazavocats.fr\/en\/wp-json\/wp\/v2\/pages\/586\/revisions"}],"predecessor-version":[{"id":987735,"href":"https:\/\/elbazavocats.fr\/en\/wp-json\/wp\/v2\/pages\/586\/revisions\/987735"}],"wp:featuredmedia":[{"embeddable":true,"href":"https:\/\/elbazavocats.fr\/en\/wp-json\/wp\/v2\/media\/8750"}],"wp:attachment":[{"href":"https:\/\/elbazavocats.fr\/en\/wp-json\/wp\/v2\/media?parent=586"}],"curies":[{"name":"wp","href":"https:\/\/api.w.org\/{rel}","templated":true}]}}