{"id":4918,"date":"2022-11-28T14:43:59","date_gmt":"2022-11-28T14:43:59","guid":{"rendered":"https:\/\/avvocato.vamtam.com\/?page_id=4918"},"modified":"2026-03-27T08:48:32","modified_gmt":"2026-03-27T08:48:32","slug":"eva-wilson","status":"publish","type":"page","link":"https:\/\/elbazavocats.fr\/en\/people\/eva-wilson\/","title":{"rendered":"Thierry Herzog"},"content":{"rendered":"\t\t<div data-elementor-type=\"wp-page\" data-elementor-id=\"4918\" class=\"elementor elementor-4918\" data-elementor-post-type=\"page\">\n\t\t\t\t\t\t<section class=\"elementor-section elementor-top-section elementor-element elementor-element-3eb558fc elementor-section-full_width elementor-section-height-default elementor-section-height-default\" data-id=\"3eb558fc\" data-element_type=\"section\" data-e-type=\"section\">\n\t\t\t\t\t\t<div class=\"elementor-container elementor-column-gap-no\">\n\t\t\t\t\t<div class=\"elementor-column elementor-col-100 elementor-top-column elementor-element elementor-element-570042d6\" data-id=\"570042d6\" data-element_type=\"column\" data-e-type=\"column\">\n\t\t\t<div class=\"elementor-widget-wrap elementor-element-populated\">\n\t\t\t\t\t\t<div class=\"elementor-element elementor-element-320e2f35 elementor-widget elementor-widget-spacer\" data-id=\"320e2f35\" data-element_type=\"widget\" data-e-type=\"widget\" data-widget_type=\"spacer.default\">\n\t\t\t\t<div class=\"elementor-widget-container\">\n\t\t\t\t\t\t\t<div class=\"elementor-spacer\">\n\t\t\t<div class=\"elementor-spacer-inner\"><\/div>\n\t\t<\/div>\n\t\t\t\t\t\t<\/div>\n\t\t\t\t<\/div>\n\t\t\t\t<div class=\"vamtam-has-theme-widget-styles elementor-element elementor-element-57f9269a elementor-widget elementor-widget-text-editor\" data-id=\"57f9269a\" data-element_type=\"widget\" data-e-type=\"widget\" data-widget_type=\"text-editor.default\">\n\t\t\t\t<div class=\"elementor-widget-container\">\n\t\t\t\t\t\t\t\t\t<p class=\"font-claude-response-body break-words whitespace-normal leading-[1.7]\">Avocat au Barreau de Paris depuis 1978, Thierry Herzog est une figure majeure du droit p\u00e9nal fran\u00e7ais. Sa carri\u00e8re s&rsquo;\u00e9tend sur pr\u00e8s de cinq d\u00e9cennies durant lesquelles il s&rsquo;est impos\u00e9 comme l&rsquo;un des p\u00e9nalistes les plus reconnus de la place parisienne.<\/p><p class=\"font-claude-response-body break-words whitespace-normal leading-[1.7]\">Sp\u00e9cialis\u00e9 en droit p\u00e9nal g\u00e9n\u00e9ral et droit p\u00e9nal des affaires, il a d\u00e9fendu dans les dossiers les plus m\u00e9diatiques et les plus complexes de ces quarante derni\u00e8res ann\u00e9es. Son expertise couvre l&rsquo;ensemble du spectre p\u00e9nal : crimes de sang, affaires financi\u00e8res, corruption, droit p\u00e9nal politique et proc\u00e8s d&rsquo;assises.<\/p><p class=\"font-claude-response-body break-words whitespace-normal leading-[1.7]\">Ancien B\u00e2tonnier de l&rsquo;Ordre des Avocats de Paris (2012-2013), il a \u00e9galement exerc\u00e9 des fonctions au sein du Conseil de l&rsquo;Ordre pendant de nombreuses ann\u00e9es. Son engagement dans la profession et sa d\u00e9fense constante des principes fondamentaux du droit de la d\u00e9fense font autorit\u00e9.<\/p><p class=\"font-claude-response-body break-words whitespace-normal leading-[1.7]\">Thierry Herzog a \u00e9galement form\u00e9 de nombreux avocats p\u00e9nalistes, ayant notamment cofond\u00e9 un cabinet avec Herv\u00e9 Temime dans les ann\u00e9es 1980, p\u00e9riode durant laquelle ils ont trait\u00e9 ensemble la plupart des dossiers de stup\u00e9fiants et de banditisme de l&rsquo;\u00e9poque.<\/p><p class=\"font-claude-response-body break-words whitespace-normal leading-[1.7]\">Il apporte aujourd&rsquo;hui son expertise et son conseil au cabinet Elbaz Avocats dans les dossiers les plus sensibles.<\/p>\t\t\t\t\t\t\t\t<\/div>\n\t\t\t\t<\/div>\n\t\t\t\t<section class=\"elementor-section elementor-inner-section elementor-element elementor-element-15ca44c4 elementor-section-boxed elementor-section-height-default elementor-section-height-default\" data-id=\"15ca44c4\" data-element_type=\"section\" data-e-type=\"section\" data-settings=\"{&quot;background_background&quot;:&quot;classic&quot;}\">\n\t\t\t\t\t\t<div class=\"elementor-container elementor-column-gap-no\">\n\t\t\t\t\t<div class=\"elementor-column elementor-col-100 elementor-inner-column elementor-element elementor-element-596f4069\" data-id=\"596f4069\" data-element_type=\"column\" data-e-type=\"column\">\n\t\t\t<div class=\"elementor-widget-wrap elementor-element-populated\">\n\t\t\t\t\t\t<div class=\"elementor-element elementor-element-7b39248d elementor-view-default elementor-widget elementor-widget-icon\" data-id=\"7b39248d\" data-element_type=\"widget\" data-e-type=\"widget\" data-widget_type=\"icon.default\">\n\t\t\t\t<div class=\"elementor-widget-container\">\n\t\t\t\t\t\t\t<div class=\"elementor-icon-wrapper\">\n\t\t\t<div class=\"elementor-icon\">\n\t\t\t<i aria-hidden=\"true\" class=\"vamtamtheme- vamtam-theme-quote-start\"><\/i>\t\t\t<\/div>\n\t\t<\/div>\n\t\t\t\t\t\t<\/div>\n\t\t\t\t<\/div>\n\t\t\t\t<div class=\"vamtam-has-theme-widget-styles elementor-element elementor-element-17891ce9 elementor-widget elementor-widget-text-editor\" data-id=\"17891ce9\" data-element_type=\"widget\" data-e-type=\"widget\" data-widget_type=\"text-editor.default\">\n\t\t\t\t<div class=\"elementor-widget-container\">\n\t\t\t\t\t\t\t\t\t<p>Adriel received his Call to the Bar in June 2018 and is working on building a Corporate and Commercial practice.<\/p>\t\t\t\t\t\t\t\t<\/div>\n\t\t\t\t<\/div>\n\t\t\t\t<div class=\"elementor-element elementor-element-3401e49b elementor-widget-divider--view-line elementor-widget elementor-widget-divider\" data-id=\"3401e49b\" data-element_type=\"widget\" data-e-type=\"widget\" data-widget_type=\"divider.default\">\n\t\t\t\t<div class=\"elementor-widget-container\">\n\t\t\t\t\t\t\t<div class=\"elementor-divider\">\n\t\t\t<span class=\"elementor-divider-separator\">\n\t\t\t\t\t\t<\/span>\n\t\t<\/div>\n\t\t\t\t\t\t<\/div>\n\t\t\t\t<\/div>\n\t\t\t\t<div class=\"vamtam-has-theme-widget-styles elementor-element elementor-element-7801d752 elementor-widget__width-auto vamtam-has-underline-anim elementor-widget elementor-widget-button\" data-id=\"7801d752\" data-element_type=\"widget\" data-e-type=\"widget\" data-widget_type=\"button.default\">\n\t\t\t\t<div class=\"elementor-widget-container\">\n\t\t\t\t\t\t\t\t\t<div class=\"elementor-button-wrapper\">\n\t\t\t\t\t<a class=\"elementor-button elementor-button-link elementor-size-md\" href=\"\/free-consultation\/\">\n\t\t\t\t\t\t<span class=\"elementor-button-content-wrapper\">\n\t\t\t\t\t\t<span class=\"elementor-button-icon\">\n\t\t\t\t<i aria-hidden=\"true\" class=\"vamtamtheme- vamtam-theme-icon-arrow-right-top\"><\/i>\t\t\t<\/span>\n\t\t\t\t\t\t\t\t\t<span class=\"elementor-button-text\">Free Consultation<\/span>\n\t\t\t\t\t<\/span>\n\t\t\t\t\t<\/a>\n\t\t\t\t<\/div>\n\t\t\t\t\t\t\t\t<\/div>\n\t\t\t\t<\/div>\n\t\t\t\t<div class=\"elementor-element elementor-element-16d42d52 elementor-widget__width-auto elementor-widget elementor-widget-heading\" data-id=\"16d42d52\" data-element_type=\"widget\" data-e-type=\"widget\" data-widget_type=\"heading.default\">\n\t\t\t\t<div class=\"elementor-widget-container\">\n\t\t\t\t\t<span class=\"elementor-heading-title elementor-size-default\">Banking and Financial Services<\/span>\t\t\t\t<\/div>\n\t\t\t\t<\/div>\n\t\t\t\t\t<\/div>\n\t\t<\/div>\n\t\t\t\t\t<\/div>\n\t\t<\/section>\n\t\t\t\t\t<\/div>\n\t\t<\/div>\n\t\t\t\t\t<\/div>\n\t\t<\/section>\n\t\t\t\t<section class=\"elementor-section elementor-top-section elementor-element elementor-element-561d4e36 elementor-section-full_width elementor-section-content-top elementor-section-height-default elementor-section-height-default\" data-id=\"561d4e36\" data-element_type=\"section\" data-e-type=\"section\">\n\t\t\t\t\t\t<div class=\"elementor-container elementor-column-gap-default\">\n\t\t\t\t\t<div class=\"elementor-column elementor-col-100 elementor-top-column elementor-element elementor-element-14e46f8c\" data-id=\"14e46f8c\" data-element_type=\"column\" data-e-type=\"column\">\n\t\t\t<div class=\"elementor-widget-wrap\">\n\t\t\t\t\t\t\t<\/div>\n\t\t<\/div>\n\t\t\t\t\t<\/div>\n\t\t<\/section>\n\t\t\t\t<\/div>\n\t\t","protected":false},"excerpt":{"rendered":"<p>Off Counsel<\/p>","protected":false},"author":3,"featured_media":988001,"parent":143,"menu_order":0,"comment_status":"closed","ping_status":"closed","template":"","meta":{"footnotes":""},"class_list":["post-4918","page","type-page","status-publish","has-post-thumbnail","hentry"],"_links":{"self":[{"href":"https:\/\/elbazavocats.fr\/en\/wp-json\/wp\/v2\/pages\/4918","targetHints":{"allow":["GET"]}}],"collection":[{"href":"https:\/\/elbazavocats.fr\/en\/wp-json\/wp\/v2\/pages"}],"about":[{"href":"https:\/\/elbazavocats.fr\/en\/wp-json\/wp\/v2\/types\/page"}],"author":[{"embeddable":true,"href":"https:\/\/elbazavocats.fr\/en\/wp-json\/wp\/v2\/users\/3"}],"replies":[{"embeddable":true,"href":"https:\/\/elbazavocats.fr\/en\/wp-json\/wp\/v2\/comments?post=4918"}],"version-history":[{"count":21,"href":"https:\/\/elbazavocats.fr\/en\/wp-json\/wp\/v2\/pages\/4918\/revisions"}],"predecessor-version":[{"id":988004,"href":"https:\/\/elbazavocats.fr\/en\/wp-json\/wp\/v2\/pages\/4918\/revisions\/988004"}],"up":[{"embeddable":true,"href":"https:\/\/elbazavocats.fr\/en\/wp-json\/wp\/v2\/pages\/143"}],"wp:featuredmedia":[{"embeddable":true,"href":"https:\/\/elbazavocats.fr\/en\/wp-json\/wp\/v2\/media\/988001"}],"wp:attachment":[{"href":"https:\/\/elbazavocats.fr\/en\/wp-json\/wp\/v2\/media?parent=4918"}],"curies":[{"name":"wp","href":"https:\/\/api.w.org\/{rel}","templated":true}]}}