{"id":161,"date":"2022-09-11T20:59:55","date_gmt":"2022-09-11T20:59:55","guid":{"rendered":"https:\/\/avvocato.vamtam.com\/?page_id=161"},"modified":"2026-03-20T14:35:36","modified_gmt":"2026-03-20T14:35:36","slug":"privacy-policy","status":"publish","type":"page","link":"https:\/\/elbazavocats.fr\/en\/privacy-policy\/","title":{"rendered":"Mentions l\u00e9gales"},"content":{"rendered":"<div data-elementor-type=\"wp-page\" data-elementor-id=\"161\" class=\"elementor elementor-161\" data-elementor-post-type=\"page\">\n\t\t\t\t\t\t<section class=\"elementor-section elementor-top-section elementor-element elementor-element-1605c8ea elementor-section-boxed elementor-section-height-default elementor-section-height-default\" data-id=\"1605c8ea\" data-element_type=\"section\" data-e-type=\"section\">\n\t\t\t\t\t\t<div class=\"elementor-container elementor-column-gap-no\">\n\t\t\t\t\t<div class=\"elementor-column elementor-col-50 elementor-top-column elementor-element elementor-element-7fcc2c82\" data-id=\"7fcc2c82\" data-element_type=\"column\" data-e-type=\"column\">\n\t\t\t<div class=\"elementor-widget-wrap elementor-element-populated\">\n\t\t\t\t\t\t\t<\/div>\n\t\t<\/div>\n\t\t\t\t<div class=\"elementor-column elementor-col-50 elementor-top-column elementor-element elementor-element-22a470e3\" data-id=\"22a470e3\" data-element_type=\"column\" data-e-type=\"column\">\n\t\t\t<div class=\"elementor-widget-wrap\">\n\t\t\t\t\t\t\t<\/div>\n\t\t<\/div>\n\t\t\t\t\t<\/div>\n\t\t<\/section>\n\t\t\t\t<section class=\"elementor-section elementor-top-section elementor-element elementor-element-b1fbfb5 elementor-section-boxed elementor-section-height-default elementor-section-height-default\" data-id=\"b1fbfb5\" data-element_type=\"section\" data-e-type=\"section\">\n\t\t\t\t\t\t<div class=\"elementor-container elementor-column-gap-no\">\n\t\t\t\t\t<div class=\"elementor-column elementor-col-100 elementor-top-column elementor-element elementor-element-309aad45\" data-id=\"309aad45\" data-element_type=\"column\" data-e-type=\"column\">\n\t\t\t<div class=\"elementor-widget-wrap elementor-element-populated\">\n\t\t\t\t\t\t<div class=\"elementor-element elementor-element-1a229f96 elementor-widget elementor-widget-heading\" data-id=\"1a229f96\" data-element_type=\"widget\" data-e-type=\"widget\" data-widget_type=\"heading.default\">\n\t\t\t\t<div class=\"elementor-widget-container\">\n\t\t\t\t\t<h3 class=\"elementor-heading-title elementor-size-default\">Editeur du site<\/h3>\t\t\t\t<\/div>\n\t\t\t\t<\/div>\n\t\t\t\t<div class=\"vamtam-has-theme-widget-styles elementor-element elementor-element-2b8086a4 elementor-widget elementor-widget-text-editor\" data-id=\"2b8086a4\" data-element_type=\"widget\" data-e-type=\"widget\" data-widget_type=\"text-editor.default\">\n\t\t\t\t<div class=\"elementor-widget-container\">\n\t\t\t\t\t\t\t\t\t<p><span style=\"font-weight: 400;\">Cabinet Elbaz Avocats et associ\u00e9s<br \/><\/span><span style=\"font-weight: 400;\">Forme juridique : <\/span><span style=\"font-weight: 400;\">\u00a0soci\u00e9t\u00e9 exercice lib\u00e9rale<br \/><\/span><span style=\"font-weight: 400;\">Adresse compl\u00e8te : <\/span><span style=\"font-weight: 400;\">54 rue de Ponthieu &#8211; 75008 Paris<br \/><\/span><span style=\"font-weight: 400;\">T\u00e9l\u00e9phone : <\/span><span style=\"font-weight: 400;\">01 46 64 55 55<br \/><\/span><span style=\"font-weight: 400;\">Email : contact@elbazavocats.fr<br \/><\/span><span style=\"font-weight: 400;\">Directeur de la publication : Ludovic Elbaz<\/span><\/p>\t\t\t\t\t\t\t\t<\/div>\n\t\t\t\t<\/div>\n\t\t\t\t<div class=\"elementor-element elementor-element-5e430ed7 elementor-widget elementor-widget-heading\" data-id=\"5e430ed7\" data-element_type=\"widget\" data-e-type=\"widget\" data-widget_type=\"heading.default\">\n\t\t\t\t<div class=\"elementor-widget-container\">\n\t\t\t\t\t<h3 class=\"elementor-heading-title elementor-size-default\">Informations professionnelles<\/h3>\t\t\t\t<\/div>\n\t\t\t\t<\/div>\n\t\t\t\t<div class=\"vamtam-has-theme-widget-styles elementor-element elementor-element-622bb701 elementor-widget elementor-widget-text-editor\" data-id=\"622bb701\" data-element_type=\"widget\" data-e-type=\"widget\" data-widget_type=\"text-editor.default\">\n\t\t\t\t<div class=\"elementor-widget-container\">\n\t\t\t\t\t\t\t\t\t<p><span style=\"font-weight: 400;\">Profession r\u00e9glement\u00e9e : Avocat<br \/><\/span><span style=\"font-weight: 400;\">Inscription au Barreau : Barreau de Paris<\/span><\/p><p><b>Autorit\u00e9 de contr\u00f4le :<\/b><\/p><p><span style=\"font-weight: 400;\">Ordre des Avocats du Barreau de Paris &#8211; <\/span><span style=\"font-weight: 400;\">11 place Dauphine,<\/span><span style=\"font-weight: 400;\">75001 Paris<br \/><\/span><span style=\"font-weight: 400;\">T\u00e9l\u00e9phone : 01 44 32 48 48<br \/><\/span><span style=\"font-weight: 400;\">Site internet : www.avocatparis.org<br \/><br \/><\/span><\/p><p><b>R\u00e8gles professionnelles applicables :<\/b><\/p><ul><li style=\"font-weight: 400;\" aria-level=\"1\"><span style=\"font-weight: 400;\">Loi n\u00b0 71-1130 du 31 d\u00e9cembre 1971 portant r\u00e9forme de certaines professions judiciaires et juridiques<\/span><\/li><li style=\"font-weight: 400;\" aria-level=\"1\"><span style=\"font-weight: 400;\">D\u00e9cret n\u00b0 91-1197 du 27 novembre 1991 organisant la profession d&rsquo;avocat<\/span><\/li><li style=\"font-weight: 400;\" aria-level=\"1\"><span style=\"font-weight: 400;\">R\u00e8glement Int\u00e9rieur National (RIN) de la profession d&rsquo;avocat<\/span><\/li><li style=\"font-weight: 400;\" aria-level=\"1\"><span style=\"font-weight: 400;\">Code de d\u00e9ontologie des avocats (D\u00e9cret n\u00b0 2005-790 du 12 juillet 2005)<\/span><\/li><\/ul><p><span style=\"font-weight: 400;\">Consultable sur : <\/span><a href=\"http:\/\/www.cnb.avocat.fr\"><span style=\"font-weight: 400;\">www.cnb.avocat.fr<\/span><\/a><\/p><p><span style=\"font-weight: 400;\">\u00a0<\/span><\/p>\t\t\t\t\t\t\t\t<\/div>\n\t\t\t\t<\/div>\n\t\t\t\t<div class=\"elementor-element elementor-element-531339fc elementor-widget elementor-widget-heading\" data-id=\"531339fc\" data-element_type=\"widget\" data-e-type=\"widget\" data-widget_type=\"heading.default\">\n\t\t\t\t<div class=\"elementor-widget-container\">\n\t\t\t\t\t<h3 class=\"elementor-heading-title elementor-size-default\">Conception et h\u00e9bergement<\/h3>\t\t\t\t<\/div>\n\t\t\t\t<\/div>\n\t\t\t\t<div class=\"vamtam-has-theme-widget-styles elementor-element elementor-element-7ef4734 elementor-widget elementor-widget-text-editor\" data-id=\"7ef4734\" data-element_type=\"widget\" data-e-type=\"widget\" data-widget_type=\"text-editor.default\">\n\t\t\t\t<div class=\"elementor-widget-container\">\n\t\t\t\t\t\t\t\t\t<p><b>H\u00e9bergement du site<br \/><\/b><span style=\"font-weight: 400;\">Digital Seeder<br \/><\/span><span style=\"font-size: 16px;\">26 rue de la r\u00e9publique 95650 Boissy l\u2019Aillerie France<br \/><\/span><span style=\"font-weight: 400;\">www.digitalseeder.fr<\/span><\/p><p><b>Conception et r\u00e9alisation<br \/><\/b><span style=\"font-weight: 400;\">Sterenn Leconte<br \/><\/span><span style=\"font-weight: 400;\">www.sterennleconte.fr<\/span><\/p><p>\u00a0<\/p>\t\t\t\t\t\t\t\t<\/div>\n\t\t\t\t<\/div>\n\t\t\t\t<div class=\"elementor-element elementor-element-12a603d3 elementor-widget elementor-widget-heading\" data-id=\"12a603d3\" data-element_type=\"widget\" data-e-type=\"widget\" data-widget_type=\"heading.default\">\n\t\t\t\t<div class=\"elementor-widget-container\">\n\t\t\t\t\t<h3 class=\"elementor-heading-title elementor-size-default\">Propri\u00e9t\u00e9 intellectuelle<\/h3>\t\t\t\t<\/div>\n\t\t\t\t<\/div>\n\t\t\t\t<div class=\"vamtam-has-theme-widget-styles elementor-element elementor-element-7b4bb2e9 elementor-widget elementor-widget-text-editor\" data-id=\"7b4bb2e9\" data-element_type=\"widget\" data-e-type=\"widget\" data-widget_type=\"text-editor.default\">\n\t\t\t\t<div class=\"elementor-widget-container\">\n\t\t\t\t\t\t\t\t\t<p><span style=\"font-weight: 400;\">L&rsquo;ensemble du contenu de ce site (textes, images, vid\u00e9os, logo, charte graphique, mise en page) est la propri\u00e9t\u00e9 exclusive du Cabinet Elbaz Avocats, sauf mention contraire.<\/span><\/p><p><span style=\"font-weight: 400;\">Toute reproduction, repr\u00e9sentation, modification, publication, adaptation totale ou partielle des \u00e9l\u00e9ments du site, quel que soit le moyen ou le proc\u00e9d\u00e9 utilis\u00e9, est interdite sans l&rsquo;autorisation \u00e9crite pr\u00e9alable du Cabinet Elbaz Avocats.<\/span><\/p><p><span style=\"font-weight: 400;\">Toute exploitation non autoris\u00e9e du site ou de l&rsquo;un quelconque des \u00e9l\u00e9ments qu&rsquo;il contient sera consid\u00e9r\u00e9e comme constitutive d&rsquo;une contrefa\u00e7on et poursuivie conform\u00e9ment aux dispositions des articles L.335-2 et suivants du Code de Propri\u00e9t\u00e9 Intellectuelle.<\/span><\/p><p>\u00a0<\/p>\t\t\t\t\t\t\t\t<\/div>\n\t\t\t\t<\/div>\n\t\t\t\t<div class=\"elementor-element elementor-element-210b697a elementor-widget elementor-widget-heading\" data-id=\"210b697a\" data-element_type=\"widget\" data-e-type=\"widget\" data-widget_type=\"heading.default\">\n\t\t\t\t<div class=\"elementor-widget-container\">\n\t\t\t\t\t<h3 class=\"elementor-heading-title elementor-size-default\">Protection des donn\u00e9es personnelles\n<\/h3>\t\t\t\t<\/div>\n\t\t\t\t<\/div>\n\t\t\t\t<div class=\"vamtam-has-theme-widget-styles elementor-element elementor-element-cf3e3e7 elementor-widget elementor-widget-text-editor\" data-id=\"cf3e3e7\" data-element_type=\"widget\" data-e-type=\"widget\" data-widget_type=\"text-editor.default\">\n\t\t\t\t<div class=\"elementor-widget-container\">\n\t\t\t\t\t\t\t\t\t<p><b>Responsable du traitement<br \/><\/b><span style=\"font-weight: 400;\">Le Cabinet Elbaz Avocats, en tant qu&rsquo;\u00e9diteur du site, est responsable du traitement des donn\u00e9es personnelles collect\u00e9es via ce site.<\/span><\/p><p><b>Absence de collecte automatique<br \/><\/b><span style=\"font-weight: 400;\">Ce site ne collecte aucune donn\u00e9e personnelle de mani\u00e8re automatique. Il n&rsquo;utilise pas de cookies de mesure d&rsquo;audience, de tra\u00e7age publicitaire, ni d&rsquo;outils d&rsquo;analyse de trafic (Google Analytics ou \u00e9quivalent).<\/span><\/p><p><b>Collecte via contact<br \/><\/b><span style=\"font-weight: 400;\">Les seules donn\u00e9es personnelles susceptibles d&rsquo;\u00eatre collect\u00e9es le sont lors d&rsquo;une prise de contact volontaire par email ou t\u00e9l\u00e9phone :<\/span><\/p><p><span style=\"font-weight: 400;\">Nom et pr\u00e9nom<br \/><\/span><span style=\"font-weight: 400;\">Adresse email<br \/><\/span><span style=\"font-weight: 400;\">Num\u00e9ro de t\u00e9l\u00e9phone<br \/><\/span><span style=\"font-weight: 400;\">Contenu du message<\/span><\/p><ul><li><span style=\"font-weight: 400;\">Base l\u00e9gale : L&rsquo;int\u00e9r\u00eat l\u00e9gitime du cabinet \u00e0 r\u00e9pondre aux demandes qui lui sont adress\u00e9es.<\/span><\/li><li><span style=\"font-weight: 400;\">Finalit\u00e9 : R\u00e9pondre aux demandes d&rsquo;information ou de prise de rendez-vous.<\/span><\/li><li><span style=\"font-weight: 400;\">Destinataires : Les donn\u00e9es sont exclusivement destin\u00e9es au Cabinet Elbaz Avocats et ne sont jamais transmises \u00e0 des tiers.<\/span><\/li><li><span style=\"font-weight: 400;\">Dur\u00e9e de conservation : Les donn\u00e9es sont conserv\u00e9es le temps n\u00e9cessaire au traitement de la demande, puis archiv\u00e9es conform\u00e9ment aux obligations l\u00e9gales et d\u00e9ontologiques de la profession d&rsquo;avocat.<\/span><\/li><li><span style=\"font-weight: 400;\">Droits : Conform\u00e9ment au R\u00e8glement G\u00e9n\u00e9ral sur la Protection des Donn\u00e9es (RGPD) et \u00e0 la loi Informatique et Libert\u00e9s, vous disposez d&rsquo;un droit d&rsquo;acc\u00e8s, de rectification, d&rsquo;effacement, de limitation du traitement, d&rsquo;opposition et de portabilit\u00e9 de vos donn\u00e9es personnelles.<\/span><\/li><\/ul><p><span style=\"font-weight: 400;\">Pour exercer ces droits, vous pouvez contacter le cabinet :<br \/><\/span><span style=\"font-weight: 400;\">Par email : contact@elbazavocats.fr<br \/><\/span><span style=\"font-weight: 400;\">Par courrier : <\/span><span style=\"font-weight: 400;\">54 rue de Ponthieu &#8211; 75008 Paris<\/span><\/p><p><span style=\"font-weight: 400;\">Vous disposez \u00e9galement du droit d&rsquo;introduire une r\u00e9clamation aupr\u00e8s de la CNIL (Commission Nationale de l&rsquo;Informatique et des Libert\u00e9s) : www.cnil.fr<\/span><\/p><p><b>Cookies<br \/><\/b><span style=\"font-weight: 400;\">Ce site n&rsquo;utilise aucun cookie, y compris de mesure d&rsquo;audience ou de tra\u00e7age.<\/span><\/p><p>\u00a0<\/p><p><b>Liens hypertextes<br \/><\/b><span style=\"font-weight: 400;\">Le site peut contenir des liens hypertextes vers d&rsquo;autres sites. Le Cabinet Elbaz Avocats n&rsquo;exerce aucun contr\u00f4le sur ces sites et d\u00e9cline toute responsabilit\u00e9 quant \u00e0 leur contenu.<\/span><\/p><p><span style=\"font-weight: 400;\">La mise en place de liens hypertextes vers le pr\u00e9sent site n\u00e9cessite l&rsquo;autorisation pr\u00e9alable \u00e9crite du Cabinet Elbaz Avocats.<\/span><\/p>\t\t\t\t\t\t\t\t<\/div>\n\t\t\t\t<\/div>\n\t\t\t\t<div class=\"elementor-element elementor-element-5757281c elementor-widget elementor-widget-heading\" data-id=\"5757281c\" data-element_type=\"widget\" data-e-type=\"widget\" data-widget_type=\"heading.default\">\n\t\t\t\t<div class=\"elementor-widget-container\">\n\t\t\t\t\t<h3 class=\"elementor-heading-title elementor-size-default\">Limitation de responsabilit\u00e9\n<\/h3>\t\t\t\t<\/div>\n\t\t\t\t<\/div>\n\t\t\t\t<div class=\"vamtam-has-theme-widget-styles elementor-element elementor-element-61c57bcc elementor-widget elementor-widget-text-editor\" data-id=\"61c57bcc\" data-element_type=\"widget\" data-e-type=\"widget\" data-widget_type=\"text-editor.default\">\n\t\t\t\t<div class=\"elementor-widget-container\">\n\t\t\t\t\t\t\t\t\t<p><span style=\"font-weight: 400;\">Le Cabinet Elbaz Avocats s&rsquo;efforce d&rsquo;assurer l&rsquo;exactitude et la mise \u00e0 jour des informations diffus\u00e9es sur ce site. Toutefois, le cabinet ne peut garantir l&rsquo;exactitude, la pr\u00e9cision ou l&rsquo;exhaustivit\u00e9 des informations mises \u00e0 disposition sur ce site.<\/span><\/p><p><span style=\"font-weight: 400;\">Les informations contenues sur ce site sont fournies \u00e0 titre informatif et ne constituent en aucun cas un conseil juridique personnalis\u00e9. Pour toute question juridique sp\u00e9cifique, il est n\u00e9cessaire de prendre contact avec le cabinet.<\/span><\/p><p><span style=\"font-weight: 400;\">Le Cabinet Elbaz Avocats ne saurait \u00eatre tenu responsable des dommages directs ou indirects r\u00e9sultant de l&rsquo;utilisation de ce site ou de l&rsquo;impossibilit\u00e9 d&rsquo;y acc\u00e9der.<\/span><\/p>\t\t\t\t\t\t\t\t<\/div>\n\t\t\t\t<\/div>\n\t\t\t\t<div class=\"elementor-element elementor-element-64fdd5fc elementor-widget elementor-widget-heading\" data-id=\"64fdd5fc\" data-element_type=\"widget\" data-e-type=\"widget\" data-widget_type=\"heading.default\">\n\t\t\t\t<div class=\"elementor-widget-container\">\n\t\t\t\t\t<h3 class=\"elementor-heading-title elementor-size-default\">Droit applicable et juridiction comp\u00e9tente<\/h3>\t\t\t\t<\/div>\n\t\t\t\t<\/div>\n\t\t\t\t<div class=\"vamtam-has-theme-widget-styles elementor-element elementor-element-3ade88c8 elementor-widget elementor-widget-text-editor\" data-id=\"3ade88c8\" data-element_type=\"widget\" data-e-type=\"widget\" data-widget_type=\"text-editor.default\">\n\t\t\t\t<div class=\"elementor-widget-container\">\n\t\t\t\t\t\t\t\t\t<p><span style=\"font-weight: 400;\">Les pr\u00e9sentes mentions l\u00e9gales sont soumises au droit fran\u00e7ais.<\/span><\/p><p><span style=\"font-weight: 400;\">En cas de litige relatif \u00e0 l&rsquo;utilisation du site, les tribunaux fran\u00e7ais seront seuls comp\u00e9tents.<\/span><\/p><p>\u00a0<\/p><p><span style=\"font-weight: 400;\">Date de derni\u00e8re mise \u00e0 jour : F\u00e9vrier 2026<\/span><\/p>\t\t\t\t\t\t\t\t<\/div>\n\t\t\t\t<\/div>\n\t\t\t\t\t<\/div>\n\t\t<\/div>\n\t\t\t\t\t<\/div>\n\t\t<\/section>\n\t\t\t\t<\/div>","protected":false},"excerpt":{"rendered":"<p>Editeur du site Cabinet Elbaz Avocats et associ\u00e9sForme juridique : \u00a0soci\u00e9t\u00e9 exercice lib\u00e9raleAdresse compl\u00e8te : 54 rue de Ponthieu &#8211; 75008 ParisT\u00e9l\u00e9phone : 01 46 64 55 55Email : contact@elbazavocats.frDirecteur de la publication : Ludovic Elbaz Informations professionnelles Profession r\u00e9glement\u00e9e : AvocatInscription au Barreau : Barreau de Paris Autorit\u00e9 de contr\u00f4le : Ordre des Avocats&#8230;<\/p>","protected":false},"author":3,"featured_media":0,"parent":0,"menu_order":0,"comment_status":"closed","ping_status":"closed","template":"","meta":{"footnotes":""},"class_list":["post-161","page","type-page","status-publish","hentry"],"_links":{"self":[{"href":"https:\/\/elbazavocats.fr\/en\/wp-json\/wp\/v2\/pages\/161","targetHints":{"allow":["GET"]}}],"collection":[{"href":"https:\/\/elbazavocats.fr\/en\/wp-json\/wp\/v2\/pages"}],"about":[{"href":"https:\/\/elbazavocats.fr\/en\/wp-json\/wp\/v2\/types\/page"}],"author":[{"embeddable":true,"href":"https:\/\/elbazavocats.fr\/en\/wp-json\/wp\/v2\/users\/3"}],"replies":[{"embeddable":true,"href":"https:\/\/elbazavocats.fr\/en\/wp-json\/wp\/v2\/comments?post=161"}],"version-history":[{"count":3,"href":"https:\/\/elbazavocats.fr\/en\/wp-json\/wp\/v2\/pages\/161\/revisions"}],"predecessor-version":[{"id":987753,"href":"https:\/\/elbazavocats.fr\/en\/wp-json\/wp\/v2\/pages\/161\/revisions\/987753"}],"wp:attachment":[{"href":"https:\/\/elbazavocats.fr\/en\/wp-json\/wp\/v2\/media?parent=161"}],"curies":[{"name":"wp","href":"https:\/\/api.w.org\/{rel}","templated":true}]}}